{"id":29679,"date":"2025-02-06T13:30:08","date_gmt":"2025-02-06T13:30:08","guid":{"rendered":"https:\/\/hospice.md\/?page_id=29679"},"modified":"2025-09-15T10:32:36","modified_gmt":"2025-09-15T10:32:36","slug":"donate","status":"publish","type":"page","link":"https:\/\/hospice.md\/en\/donate\/","title":{"rendered":"Donate"},"content":{"rendered":"\t\t<div data-elementor-type=\"wp-page\" data-elementor-id=\"29679\" class=\"elementor elementor-29679\">\n\t\t\t\t<div class=\"elementor-element elementor-element-f0636b5 e-flex e-con-boxed e-con e-parent\" data-id=\"f0636b5\" data-element_type=\"container\">\n\t\t\t\t\t<div class=\"e-con-inner\">\n\t\t\t\t<div class=\"elementor-element elementor-element-5810ed9 elementor-widget elementor-widget-elementskit-heading\" data-id=\"5810ed9\" data-element_type=\"widget\" data-settings=\"{&quot;ekit_we_effect_on&quot;:&quot;none&quot;}\" data-widget_type=\"elementskit-heading.default\">\n\t\t\t\t<div class=\"elementor-widget-container\">\n\t\t\t\t\t<div class=\"ekit-wid-con\" ><div class=\"ekit-heading elementskit-section-title-wraper text_center   ekit_heading_tablet-   ekit_heading_mobile-\"><h2 class=\"ekit-heading--title elementskit-section-title \">Doneaz\u0103<\/h2><\/div><\/div>\t\t\t\t<\/div>\n\t\t\t\t<\/div>\n\t\t\t\t<div class=\"elementor-element elementor-element-31eb2fd elementor-widget elementor-widget-html\" data-id=\"31eb2fd\" data-element_type=\"widget\" data-settings=\"{&quot;ekit_we_effect_on&quot;:&quot;none&quot;}\" data-widget_type=\"html.default\">\n\t\t\t\t<div class=\"elementor-widget-container\">\n\t\t\t\t\t<style>\n    \n.givewp-fields-amount__currency-container {\n    display: none !important;\n}\n<\/style>\t\t\t\t<\/div>\n\t\t\t\t<\/div>\n\t\t\t\t\t<\/div>\n\t\t\t\t<\/div>\n\t\t\t\t<\/div>\n\t\t","protected":false},"excerpt":{"rendered":"<p>Help us Card PayPal Monthly via Patreon Prenume Acest c\u00e2mp este obligatoriu Nume Acest c\u00e2mp este obligatoriu Email Te rug\u0103m s\u0103 introduci o adres\u0103 de email valid\u0103 Valut\u0103 dona\u021bie EUR (\u20ac)GBP (\u00a3)MDL (lei)USD ($) Sum\u0103 dona\u021bie 5 10 25 100 \u20ac Te rug\u0103m s\u0103 selectezi sau s\u0103 introduci o sum\u0103 valid\u0103 Doneaz\u0103 acum Doneaz\u0103 rapid [&hellip;]<\/p>\n","protected":false},"author":1,"featured_media":0,"parent":0,"menu_order":0,"comment_status":"closed","ping_status":"closed","template":"donation-form.php","meta":{"footnotes":""},"class_list":["post-29679","page","type-page","status-publish","hentry"],"yoast_head":"<!-- This site is optimized with the Yoast SEO plugin v26.1.1 - https:\/\/yoast.com\/wordpress\/plugins\/seo\/ -->\n<title>Donate - Hospice Angelus<\/title>\n<meta name=\"robots\" content=\"noindex, follow, max-snippet:-1, max-image-preview:large, max-video-preview:-1\" \/>\n<meta property=\"og:locale\" content=\"en_US\" \/>\n<meta property=\"og:type\" content=\"article\" \/>\n<meta property=\"og:title\" content=\"Donate - Hospice Angelus\" \/>\n<meta property=\"og:description\" content=\"Help us Card PayPal Monthly via Patreon Prenume Acest c\u00e2mp este obligatoriu Nume Acest c\u00e2mp este obligatoriu Email Te rug\u0103m s\u0103 introduci o adres\u0103 de email valid\u0103 Valut\u0103 dona\u021bie EUR (\u20ac)GBP (\u00a3)MDL (lei)USD ($) Sum\u0103 dona\u021bie 5 10 25 100 \u20ac Te rug\u0103m s\u0103 selectezi sau s\u0103 introduci o sum\u0103 valid\u0103 Doneaz\u0103 acum Doneaz\u0103 rapid [&hellip;]\" \/>\n<meta property=\"og:url\" content=\"https:\/\/hospice.md\/en\/donate\/\" \/>\n<meta property=\"og:site_name\" content=\"Hospice Angelus\" \/>\n<meta property=\"article:publisher\" content=\"https:\/\/www.facebook.com\/HospiceAngelusMoldova\/\" \/>\n<meta property=\"article:modified_time\" content=\"2025-09-15T10:32:36+00:00\" \/>\n<meta name=\"twitter:card\" content=\"summary_large_image\" \/>\n<script type=\"application\/ld+json\" class=\"yoast-schema-graph\">{\"@context\":\"https:\/\/schema.org\",\"@graph\":[{\"@type\":\"WebPage\",\"@id\":\"https:\/\/hospice.md\/en\/donate\/\",\"url\":\"https:\/\/hospice.md\/en\/donate\/\",\"name\":\"Donate - Hospice Angelus\",\"isPartOf\":{\"@id\":\"https:\/\/hospice.md\/#website\"},\"datePublished\":\"2025-02-06T13:30:08+00:00\",\"dateModified\":\"2025-09-15T10:32:36+00:00\",\"breadcrumb\":{\"@id\":\"https:\/\/hospice.md\/en\/donate\/#breadcrumb\"},\"inLanguage\":\"en-US\",\"potentialAction\":[{\"@type\":\"ReadAction\",\"target\":[\"https:\/\/hospice.md\/en\/donate\/\"]}]},{\"@type\":\"BreadcrumbList\",\"@id\":\"https:\/\/hospice.md\/en\/donate\/#breadcrumb\",\"itemListElement\":[{\"@type\":\"ListItem\",\"position\":1,\"name\":\"Home\",\"item\":\"https:\/\/hospice.md\/\"},{\"@type\":\"ListItem\",\"position\":2,\"name\":\"Donate\"}]},{\"@type\":\"WebSite\",\"@id\":\"https:\/\/hospice.md\/#website\",\"url\":\"https:\/\/hospice.md\/\",\"name\":\"Hospice Angelus\",\"description\":\"Primul Centru de \u00cengrijire Paliativ\u0103 din Chi\u0219in\u0103u\",\"publisher\":{\"@id\":\"https:\/\/hospice.md\/#organization\"},\"potentialAction\":[{\"@type\":\"SearchAction\",\"target\":{\"@type\":\"EntryPoint\",\"urlTemplate\":\"https:\/\/hospice.md\/?s={search_term_string}\"},\"query-input\":{\"@type\":\"PropertyValueSpecification\",\"valueRequired\":true,\"valueName\":\"search_term_string\"}}],\"inLanguage\":\"en-US\"},{\"@type\":\"Organization\",\"@id\":\"https:\/\/hospice.md\/#organization\",\"name\":\"Hospice Angelus\",\"url\":\"https:\/\/hospice.md\/\",\"logo\":{\"@type\":\"ImageObject\",\"inLanguage\":\"en-US\",\"@id\":\"https:\/\/hospice.md\/#\/schema\/logo\/image\/\",\"url\":\"https:\/\/hospice.md\/wp-content\/uploads\/2024\/03\/eb7e260c-f7a4-448c-a1ce-6189eb58827f.png\",\"contentUrl\":\"https:\/\/hospice.md\/wp-content\/uploads\/2024\/03\/eb7e260c-f7a4-448c-a1ce-6189eb58827f.png\",\"width\":2884,\"height\":1520,\"caption\":\"Hospice Angelus\"},\"image\":{\"@id\":\"https:\/\/hospice.md\/#\/schema\/logo\/image\/\"},\"sameAs\":[\"https:\/\/www.facebook.com\/HospiceAngelusMoldova\/\"]}]}<\/script>\n<!-- \/ Yoast SEO plugin. -->","yoast_head_json":{"title":"Donate - Hospice Angelus","robots":{"index":"noindex","follow":"follow","max-snippet":"max-snippet:-1","max-image-preview":"max-image-preview:large","max-video-preview":"max-video-preview:-1"},"og_locale":"en_US","og_type":"article","og_title":"Donate - Hospice Angelus","og_description":"Help us Card PayPal Monthly via Patreon Prenume Acest c\u00e2mp este obligatoriu Nume Acest c\u00e2mp este obligatoriu Email Te rug\u0103m s\u0103 introduci o adres\u0103 de email valid\u0103 Valut\u0103 dona\u021bie EUR (\u20ac)GBP (\u00a3)MDL (lei)USD ($) Sum\u0103 dona\u021bie 5 10 25 100 \u20ac Te rug\u0103m s\u0103 selectezi sau s\u0103 introduci o sum\u0103 valid\u0103 Doneaz\u0103 acum Doneaz\u0103 rapid [&hellip;]","og_url":"https:\/\/hospice.md\/en\/donate\/","og_site_name":"Hospice Angelus","article_publisher":"https:\/\/www.facebook.com\/HospiceAngelusMoldova\/","article_modified_time":"2025-09-15T10:32:36+00:00","twitter_card":"summary_large_image","schema":{"@context":"https:\/\/schema.org","@graph":[{"@type":"WebPage","@id":"https:\/\/hospice.md\/en\/donate\/","url":"https:\/\/hospice.md\/en\/donate\/","name":"Donate - Hospice Angelus","isPartOf":{"@id":"https:\/\/hospice.md\/#website"},"datePublished":"2025-02-06T13:30:08+00:00","dateModified":"2025-09-15T10:32:36+00:00","breadcrumb":{"@id":"https:\/\/hospice.md\/en\/donate\/#breadcrumb"},"inLanguage":"en-US","potentialAction":[{"@type":"ReadAction","target":["https:\/\/hospice.md\/en\/donate\/"]}]},{"@type":"BreadcrumbList","@id":"https:\/\/hospice.md\/en\/donate\/#breadcrumb","itemListElement":[{"@type":"ListItem","position":1,"name":"Home","item":"https:\/\/hospice.md\/"},{"@type":"ListItem","position":2,"name":"Donate"}]},{"@type":"WebSite","@id":"https:\/\/hospice.md\/#website","url":"https:\/\/hospice.md\/","name":"Hospice Angelus","description":"Primul Centru de \u00cengrijire Paliativ\u0103 din Chi\u0219in\u0103u","publisher":{"@id":"https:\/\/hospice.md\/#organization"},"potentialAction":[{"@type":"SearchAction","target":{"@type":"EntryPoint","urlTemplate":"https:\/\/hospice.md\/?s={search_term_string}"},"query-input":{"@type":"PropertyValueSpecification","valueRequired":true,"valueName":"search_term_string"}}],"inLanguage":"en-US"},{"@type":"Organization","@id":"https:\/\/hospice.md\/#organization","name":"Hospice Angelus","url":"https:\/\/hospice.md\/","logo":{"@type":"ImageObject","inLanguage":"en-US","@id":"https:\/\/hospice.md\/#\/schema\/logo\/image\/","url":"https:\/\/hospice.md\/wp-content\/uploads\/2024\/03\/eb7e260c-f7a4-448c-a1ce-6189eb58827f.png","contentUrl":"https:\/\/hospice.md\/wp-content\/uploads\/2024\/03\/eb7e260c-f7a4-448c-a1ce-6189eb58827f.png","width":2884,"height":1520,"caption":"Hospice Angelus"},"image":{"@id":"https:\/\/hospice.md\/#\/schema\/logo\/image\/"},"sameAs":["https:\/\/www.facebook.com\/HospiceAngelusMoldova\/"]}]}},"_links":{"self":[{"href":"https:\/\/hospice.md\/en\/wp-json\/wp\/v2\/pages\/29679","targetHints":{"allow":["GET"]}}],"collection":[{"href":"https:\/\/hospice.md\/en\/wp-json\/wp\/v2\/pages"}],"about":[{"href":"https:\/\/hospice.md\/en\/wp-json\/wp\/v2\/types\/page"}],"author":[{"embeddable":true,"href":"https:\/\/hospice.md\/en\/wp-json\/wp\/v2\/users\/1"}],"replies":[{"embeddable":true,"href":"https:\/\/hospice.md\/en\/wp-json\/wp\/v2\/comments?post=29679"}],"version-history":[{"count":5,"href":"https:\/\/hospice.md\/en\/wp-json\/wp\/v2\/pages\/29679\/revisions"}],"predecessor-version":[{"id":30140,"href":"https:\/\/hospice.md\/en\/wp-json\/wp\/v2\/pages\/29679\/revisions\/30140"}],"wp:attachment":[{"href":"https:\/\/hospice.md\/en\/wp-json\/wp\/v2\/media?parent=29679"}],"curies":[{"name":"wp","href":"https:\/\/api.w.org\/{rel}","templated":true}]}}